{"id":131,"date":"2018-08-05T06:56:47","date_gmt":"2018-08-05T06:56:47","guid":{"rendered":"http:\/\/flaviodoc.com\/web\/?page_id=131"},"modified":"2022-06-24T20:37:16","modified_gmt":"2022-06-24T20:37:16","slug":"implantes-dentales","status":"publish","type":"page","link":"https:\/\/flaviodoc.com\/en\/implantes-dentales\/","title":{"rendered":"Dental implants"},"content":{"rendered":"<p>Dental implants are becoming an increasingly popular method for replacing missing teeth. In this procedure, titanium supports are surgically fused with your jawbone, and act as an anchor for naturally looking false teeth. Dental implants are not only used for individual tooth replacement, but can also be used when replacing multiple teeth as an alternative to dentures.<\/p>\n\n\n<div class=\"wp-block-columns\">\n<div class=\"wp-block-column\">\n<figure class=\"wp-block-video aligncenter\"><video controls src=\"https:\/\/flaviodoc.com\/wp-content\/uploads\/2022\/06\/M119P.mp4\"><\/video><\/figure>\n<\/div>\n\n\n\n<div class=\"wp-block-column\">\n<figure class=\"wp-block-video aligncenter\"><video controls src=\"https:\/\/flaviodoc.com\/wp-content\/uploads\/2022\/06\/M189P.mp4\"><\/video><\/figure>\n<\/div>\n<\/div>\n\n\n<p align=\"center\"><strong>Advantages of dental implants<\/strong><\/p>\n<ul>\n<li>Implants are extremely natural looking<\/li>\n<li>Fusion of the implants into your jaw make them very stable and comfortable compared to traditional dentures.<\/li>\n<li>They last a lifetime<\/li>\n<\/ul>\n<p align=\"center\"><strong>Disadvantages of Dental Implants<\/strong><\/p>\n<ul>\n<li>Implants are expensive and a major financial investment.<\/li>\n<li>The process of implant placement can take time, since it requires several visits to the dentist.<\/li>\n<li>There is a chance the surgery fails and the implants have to be removed (roughly 5% of the time).<\/li>\n<\/ul>\n\n\n<div class=\"wp-block-columns\">\n<div class=\"wp-block-column\">\n<figure class=\"wp-block-video aligncenter\"><video controls src=\"https:\/\/flaviodoc.com\/wp-content\/uploads\/2022\/06\/M267P.mp4\"><\/video><\/figure>\n<\/div>\n\n\n\n<div class=\"wp-block-column\">\n<figure class=\"wp-block-video aligncenter\"><video controls src=\"https:\/\/flaviodoc.com\/wp-content\/uploads\/2022\/06\/M322P.mp4\"><\/video><\/figure>\n<\/div>\n<\/div>\n\n\n<p align=\"center\"><strong>Types of implants<\/strong><\/p>\n<p>Your dentist will be able to tell you which of the three types of implants is right for you:<\/p>\n<ul>\n<li>Root form implant: This is the most common type of implant where the screw is shaped like the root of a tooth.<\/li>\n<li>Subperiosteal Implants: In some cases where there is not enough bone width or height for the root form or plate form implant, a subperiosteal implant may be prescribed. This type of implant is designed to sit on top of the bone, but under the gums.<\/li>\n<li>Subperiosteal implants: they are recommended in cases in which there is not enough bone width or height to place the aforementioned types of implants. This type of implant is designed to settle on the bone, but below the gums.<\/li>\n<\/ul>","protected":false},"excerpt":{"rendered":"<p>Los implantes dentales se est\u00e1n convirtiendo en un m\u00e9todo cada vez m\u00e1s popular de reemplazo de dientes faltantes. En este procedimiento se sueldan quir\u00fargicamente soportes de titanio a sus maxilares y estos sirven como anclas para dientes postizos de apariencia totalmente natural. Los implantes dentales no se usan solo para el reemplazo de dientes individuales, [&hellip;]<\/p>","protected":false},"author":1,"featured_media":0,"parent":0,"menu_order":0,"comment_status":"closed","ping_status":"closed","template":"","meta":[],"_links":{"self":[{"href":"https:\/\/flaviodoc.com\/en\/wp-json\/wp\/v2\/pages\/131"}],"collection":[{"href":"https:\/\/flaviodoc.com\/en\/wp-json\/wp\/v2\/pages"}],"about":[{"href":"https:\/\/flaviodoc.com\/en\/wp-json\/wp\/v2\/types\/page"}],"author":[{"embeddable":true,"href":"https:\/\/flaviodoc.com\/en\/wp-json\/wp\/v2\/users\/1"}],"replies":[{"embeddable":true,"href":"https:\/\/flaviodoc.com\/en\/wp-json\/wp\/v2\/comments?post=131"}],"version-history":[{"count":21,"href":"https:\/\/flaviodoc.com\/en\/wp-json\/wp\/v2\/pages\/131\/revisions"}],"predecessor-version":[{"id":942,"href":"https:\/\/flaviodoc.com\/en\/wp-json\/wp\/v2\/pages\/131\/revisions\/942"}],"wp:attachment":[{"href":"https:\/\/flaviodoc.com\/en\/wp-json\/wp\/v2\/media?parent=131"}],"curies":[{"name":"wp","href":"https:\/\/api.w.org\/{rel}","templated":true}]}}