{"id":446,"date":"2018-08-15T04:17:11","date_gmt":"2018-08-15T04:17:11","guid":{"rendered":"http:\/\/flaviodoc.com\/?page_id=446"},"modified":"2018-09-03T04:53:34","modified_gmt":"2018-09-03T04:53:34","slug":"conozca-al-doctor","status":"publish","type":"page","link":"https:\/\/flaviodoc.com\/en\/conozca-al-doctor\/","title":{"rendered":"Meet The Doctor"},"content":{"rendered":"<p><img loading=\"lazy\" width=\"225\" height=\"300\" class=\"alignnone size-medium wp-image-540\" style=\"width: auto; float: left; margin-right: 20px; margin-bottom: 20px;\" src=\"http:\/\/flaviodoc.com\/wp-content\/uploads\/2018\/08\/flavio-vasquez-1-225x300.jpg\" alt=\"\" srcset=\"https:\/\/flaviodoc.com\/wp-content\/uploads\/2018\/08\/flavio-vasquez-1-225x300.jpg 225w, https:\/\/flaviodoc.com\/wp-content\/uploads\/2018\/08\/flavio-vasquez-1.jpg 612w\" sizes=\"(max-width: 225px) 100vw, 225px\" \/><\/p>\n<div style=\"text-align: center;\"><strong><br \/>\nDR. FLAVIO A. VASQUEZ, DDS.<br \/>\n<\/strong><\/div>\n<div style=\"text-align: center;\"><strong><strong><br \/>\nCOP 9246<\/strong><\/strong>&nbsp;<\/p>\n<\/div>\n<p>Dr. Flavio A. Vasquez is committed to providing excellence in dentistry, and stands out as a leading dentist in Lima Per\u00fa. He uses the latest in dental techniques and the best available materials to provide you with a beautiful and healthy smile.<\/p>\n<p>Additionally, Dr. Flavio, as is known by his patients, believes strongly in education to prevent oral health problems before they occur, and makes sure to keep patients fully informed about their dental health.<\/p>\n<p>Dr. Vasquez started his pre professional studies in schools of Peru, Bolivia and Australia.<\/p>\n<p>He graduated as a Doctor of Dental Surgery in 1992 from Universidad Peruana Cayetano Heredia (UPCH).<\/p>\n<p>In 1993 he travelled to The United States of America to follow several post graduate dental specializations. He was trained in a private dental clinic where he obtained the knowledge of the latest protocols in modern dentistry, returning to Lima Peru in 1997 when he opened his first dental office in Miraflores.<\/p>\n<p>Through these last 21 years, Dr. Vasquez has been dedicated to providing perfection in dentistry as a family and cosmetic dentist. He has provided his services to local Lima residents as well as foreign citizens.<\/p>\n<p>Because of his high quality work and also being fully bilingual, he has been well recognized for many years as one of the official dentists for the American, Canadian and\u00a0Australian\u00a0embassies in Lima, as well as other foreign institutions.<\/p>\n<p>In his free time, Dr. Vasquez enjoys practicing sports and spending time with his family, his wife Gisela and children Mateo, Paolo and Micaela.<\/p>","protected":false},"excerpt":{"rendered":"<p>DR. FLAVIO A. V\u00c1SQUEZ LARRA\u00cdN Cirujano Dentista, COP 9246&nbsp; El Dr. Flavio A. V\u00e1squez est\u00e1 comprometido en proporcionarle un servicio de excelencia, y destaca como uno de los mejores dentistas en Lima, Per\u00fa. \u00c9l utiliza las m\u00e1s modernas t\u00e9cnicas dentales para proporcionarle una sonrisa hermosa y saludable. Adicionalmente el Dr. Flavio, como lo conocen sus [&hellip;]<\/p>","protected":false},"author":1,"featured_media":0,"parent":0,"menu_order":0,"comment_status":"closed","ping_status":"closed","template":"","meta":[],"_links":{"self":[{"href":"https:\/\/flaviodoc.com\/en\/wp-json\/wp\/v2\/pages\/446"}],"collection":[{"href":"https:\/\/flaviodoc.com\/en\/wp-json\/wp\/v2\/pages"}],"about":[{"href":"https:\/\/flaviodoc.com\/en\/wp-json\/wp\/v2\/types\/page"}],"author":[{"embeddable":true,"href":"https:\/\/flaviodoc.com\/en\/wp-json\/wp\/v2\/users\/1"}],"replies":[{"embeddable":true,"href":"https:\/\/flaviodoc.com\/en\/wp-json\/wp\/v2\/comments?post=446"}],"version-history":[{"count":17,"href":"https:\/\/flaviodoc.com\/en\/wp-json\/wp\/v2\/pages\/446\/revisions"}],"predecessor-version":[{"id":632,"href":"https:\/\/flaviodoc.com\/en\/wp-json\/wp\/v2\/pages\/446\/revisions\/632"}],"wp:attachment":[{"href":"https:\/\/flaviodoc.com\/en\/wp-json\/wp\/v2\/media?parent=446"}],"curies":[{"name":"wp","href":"https:\/\/api.w.org\/{rel}","templated":true}]}}