{"id":57,"date":"2018-08-05T04:53:07","date_gmt":"2018-08-05T04:53:07","guid":{"rendered":"http:\/\/flaviodoc.com\/web\/?page_id=57"},"modified":"2022-06-24T22:00:42","modified_gmt":"2022-06-24T22:00:42","slug":"rediseno-de-sonrisa","status":"publish","type":"page","link":"https:\/\/flaviodoc.com\/en\/rediseno-de-sonrisa\/","title":{"rendered":"Aesthetic Dentistry and Smile Makeovers"},"content":{"rendered":"<p>En el Dental Health Center sabemos que una hermosa sonrisa&nbsp; ayuda a proyectar una imagen de confianza en si mismo y de alta auto estima. Cuando usted se siente bien consigo mismo, ello se refleja en su apariencia. Las avanzadas t\u00e9cnicas y materiales utilizados hoy en d\u00eda pueden hacer una gran diferencia. Con la habilidad, experiencia y dedicaci\u00f3n del Dr. V\u00e1squez, y usando una combinaci\u00f3n \u00fanica de ciencia y arte, \u00e9l puede literalmente redise\u00f1ar su sonrisa.<\/p>\n<p>We can correct a wide variety of cosmetic dental problems:<br>\nMissing teeth, gaps between teeth, general bite dysfunction.<br>\nChipped, cracked or worn teeth.<br>\nUnsightly, stained or discolored teeth.<br>\nCrooked or crowded teeth.<\/p>\n<p>We understand the power and importance of a dazzling smile and know that there is more to a smile than just straight white healthy teeth and gums. We recognize that changing a smile will result in a change to the entire appearance of the patient, so we make sure patients are comfortable not only with their new smiles, but also with how their new smiles \"fit\" with their other facial features.<\/p>\n\n\n<div class=\"wp-block-columns\">\n<div class=\"wp-block-column\">\n<figure class=\"wp-block-video aligncenter\"><video controls src=\"https:\/\/flaviodoc.com\/wp-content\/uploads\/2022\/06\/M351P.mp4\"><\/video><\/figure>\n<\/div>\n<\/div>\n\n\n<p><strong>Are you happy with your smile?<\/strong><\/p>\n<p>Virtually everyone can do something to improve his or her smile. If you think that. you could benefit from a great smile, try this \"smile analysis\" in front of close-up mirror and a good light:<br>\n-Do you feel confident smiling in front of people?<br>\n-Do you ever try and hide your teeth when you smile or talk to other people?<br>\n-Do you photograph better from one side?<br>\n-Do you ever look in the mirror and wish you could change anything about your smile?<\/p>\n<p>&nbsp;<\/p>\n<p><strong>Why do attractive smiles make all the difference?<\/strong><\/p>\n<p>The importance of an attractive smile should not be underestimated.<br>\nA recent survey found that: More than 90% of adults agree that an attractive smile is an important social asset and may influence job opportunities.<br>\nOver 80% say they always remember someone with a really attractive smile<br>\nMore than 85% agree that an unattractive smile makes a person less appealing to the opposite sex<br>\nNearly 70% agree that an unattractive smile can hurt a person\u2019s chances for career success.<br>\nThe most common complaint, almost 40%, is lack of whiteness.<br>\nMore than 30% were concerned about gaps or spaces.<\/p>\n<p>&nbsp;<\/p>\n<p>The Dental Health Center wants you to get the most out of your initial consultation with us, so take some time to assess your smile before your appointment.<br>\nAre there any gaps or missing teeth?<br>\nDo you have any chipped, cracked or worn teeth?<br>\nAre they stained, discolored or dull?<br>\nWould you like a whiter, brighter smile?<br>\nAre they crowded or protruding?<br>\nAre you happy with the size and shape?<br>\nAre they the correct proportion?<br>\nDoes too much gum show when smiling?<br>\nAre there any unsightly old fillings or crowns?<br>\nAre there any other problems associated with your smile?<\/p>\n\n\n<div class=\"wp-block-columns\">\n<div class=\"wp-block-column\">\n<figure class=\"wp-block-video aligncenter\"><video controls src=\"https:\/\/flaviodoc.com\/wp-content\/uploads\/2022\/06\/M352P.mp4\"><\/video><\/figure>\n<\/div>\n<\/div>\n\n\n<p style=\"text-align: center;\"><strong>Some Ways to Improve Your Smile<\/strong><\/p>\n<p>If you think that your teeth are too dark or discolored we can lighten them by bleaching. This is a simple treatment that is carried out at home, is pain-free and can produce amazing results.<\/p>\n<p>Unsightly or misshapen teeth can be disguised and made to blend in with your other teeth with bonding, veneers or crowns to change them and give you that smile you've always wanted.<\/p>\n<p>If you have old fillings or stains that are visible when you smile, we can make them invisible with composite restorations or other more complex cosmetic procedures.<\/p>\n<p>Old silver amalgam fillings often become unsightly. We can replace them with tooth colored restorations, inlay \/ onlays or crowns.<\/p>\n<p>If you have missing teeth, certain problems can occur other than the obvious one of spoiling your smile and not allowing you to chew properly. There will be movement of teeth nearby which will migrate into the space left by the missing tooth (teeth) and this will affect your bite and then probably the gum health. We can replace missing teeth with bridges, dentures or implants.<\/p>\n<p>Do you enjoy wearing a denture? If you would rather be without one there are techniques available such as implants and bridges, which can mean an end to uncomfortable and embarrassing dentures.<\/p>\n<p>Are the tips of your teeth, or your gums not level? Often, quickly and painlessly and without the need for anesthetic, we can level the tips of the teeth to drastically improve your smile. Also if your gum-line is not even and level we can alter the gum position. Both of these treatments are forms of cosmetic contouring.<\/p>\n<p>If you have twisted or crowded teeth, it is never too late to improve them. We can arrange for you to be seen by an orthodontist who will advise on any treatment available to improve your smile.<\/p>","protected":false},"excerpt":{"rendered":"<p>En el Dental Health Center sabemos que una hermosa sonrisa&nbsp; ayuda a proyectar una imagen de confianza en si mismo y de alta auto estima. Cuando usted se siente bien consigo mismo, ello se refleja en su apariencia. Las avanzadas t\u00e9cnicas y materiales utilizados hoy en d\u00eda pueden hacer una gran diferencia. Con la habilidad, [&hellip;]<\/p>","protected":false},"author":1,"featured_media":0,"parent":0,"menu_order":0,"comment_status":"closed","ping_status":"closed","template":"","meta":[],"_links":{"self":[{"href":"https:\/\/flaviodoc.com\/en\/wp-json\/wp\/v2\/pages\/57"}],"collection":[{"href":"https:\/\/flaviodoc.com\/en\/wp-json\/wp\/v2\/pages"}],"about":[{"href":"https:\/\/flaviodoc.com\/en\/wp-json\/wp\/v2\/types\/page"}],"author":[{"embeddable":true,"href":"https:\/\/flaviodoc.com\/en\/wp-json\/wp\/v2\/users\/1"}],"replies":[{"embeddable":true,"href":"https:\/\/flaviodoc.com\/en\/wp-json\/wp\/v2\/comments?post=57"}],"version-history":[{"count":7,"href":"https:\/\/flaviodoc.com\/en\/wp-json\/wp\/v2\/pages\/57\/revisions"}],"predecessor-version":[{"id":1011,"href":"https:\/\/flaviodoc.com\/en\/wp-json\/wp\/v2\/pages\/57\/revisions\/1011"}],"wp:attachment":[{"href":"https:\/\/flaviodoc.com\/en\/wp-json\/wp\/v2\/media?parent=57"}],"curies":[{"name":"wp","href":"https:\/\/api.w.org\/{rel}","templated":true}]}}